{"id":270,"date":"2023-02-08T05:05:12","date_gmt":"2023-02-08T02:05:12","guid":{"rendered":"https:\/\/liliandjune.com\/privacy-cookie-policy\/"},"modified":"2023-02-08T05:05:12","modified_gmt":"2023-02-08T02:05:12","slug":"privacy-cookie-policy","status":"publish","type":"page","link":"https:\/\/liliandjune.com\/en\/privacy-cookie-policy\/","title":{"rendered":"Privacy &#038; Cookie Policy"},"content":{"rendered":"<p class=\"p1\">G\u00fcvenli\u011finiz bizim i\u00e7in \u00f6nemli. Bu sebeple bizimle payla\u015faca\u011f\u0131n\u0131z ki\u015fisel verileriz hassasiyetle korunmaktad\u0131r.<\/p>\n<p class=\"p2\">Biz, bu gizlilik ve ki\u015fisel verilerin korunmas\u0131 politikas\u0131 ile, hangi ki\u015fisel verilerinizin hangi ama\u00e7la i\u015flenece\u011fi, i\u015flenen verilerin kimlerle ve neden payla\u015f\u0131labilece\u011fi, veri i\u015fleme y\u00f6ntemimiz ve hukuki sebeplerimiz ile; i\u015flenen verilerinize ili\u015fkin haklar\u0131n\u0131z\u0131n neler oldu\u011fu hususunda sizleri ayd\u0131nlatmay\u0131 ama\u00e7l\u0131yoruz.<\/p>\n<p class=\"p3\"><b>Toplanan Ki\u015fisel Verileriniz, Toplanma Y\u00f6ntemi ve Hukuki Sebebi<\/b><\/p>\n<p class=\"p1\">IP adresiniz ve kullan\u0131c\u0131 arac\u0131s\u0131 bilgileriniz, sadece analiz yapmak amac\u0131yla ve \u00e7erezler vb. teknolojiler vas\u0131tas\u0131yla, otomatik veya otomatik olmayan y\u00f6ntemlerle ve bazen de analitik sa\u011flay\u0131c\u0131lar, reklam a\u011flar\u0131, arama bilgi sa\u011flay\u0131c\u0131lar\u0131, teknoloji sa\u011flay\u0131c\u0131lar\u0131 gibi \u00fc\u00e7\u00fcnc\u00fc taraflardan elde edilerek, kaydedilerek, depolanarak ve g\u00fcncellenerek, aram\u0131zdaki hizmet ve s\u00f6zle\u015fme ili\u015fkisi \u00e7er\u00e7evesinde ve s\u00fcresince, me\u015fru menfaat i\u015fleme \u015fart\u0131na dayan\u0131larak i\u015flenecektir.<\/p>\n<p class=\"p4\"><b>Ki\u015fisel Verilerinizin \u0130\u015flenme Amac\u0131<\/b><\/p>\n<p class=\"p1\">Bizimle payla\u015ft\u0131\u011f\u0131n\u0131z ki\u015fisel verileriniz sadece analiz yapmak suretiyle; sundu\u011fumuz hizmetlerin gerekliliklerini en iyi \u015fekilde yerine getirebilmek, bu hizmetlere sizin taraf\u0131n\u0131zdan ula\u015f\u0131labilmesini ve maksimum d\u00fczeyde faydalan\u0131labilmesini sa\u011flamak, hizmetlerimizi, ihtiya\u00e7lar\u0131n\u0131z do\u011frultusunda geli\u015ftirebilmek ve sizleri daha geni\u015f kapsaml\u0131 hizmet sa\u011flay\u0131c\u0131lar\u0131 ile yasal \u00e7er\u00e7eveler i\u00e7erisinde bulu\u015fturabilmek ve kanundan do\u011fan zorunluluklar\u0131n (ki\u015fisel verilerin talep halinde adli ve idari makamlarla payla\u015f\u0131lmas\u0131) yerine getirilebilmesi amac\u0131yla, s\u00f6zle\u015fme ve hizmet s\u00fcresince, amac\u0131na uygun ve \u00f6l\u00e7\u00fcl\u00fc bir \u015fekilde i\u015flenecek ve g\u00fcncellenecektir.<\/p>\n<p class=\"p4\"><b>Toplanan Ki\u015fisel Verilerin Kimlere ve Hangi Ama\u00e7larla Aktar\u0131labilece\u011fi<\/b><\/p>\n<p class=\"p1\">Bizimle payla\u015ft\u0131\u011f\u0131n\u0131z ki\u015fisel verileriniz; faaliyetlerimizi y\u00fcr\u00fctmek \u00fczere hizmet ald\u0131\u011f\u0131m\u0131z ve\/veya verdi\u011fimiz, s\u00f6zle\u015fmesel ili\u015fki i\u00e7erisinde bulundu\u011fumuz, i\u015f birli\u011fi yapt\u0131\u011f\u0131m\u0131z, yurt i\u00e7i ve yurt d\u0131\u015f\u0131ndaki 3. \u015fah\u0131slar ile kurum ve kurulu\u015flara ve talep halinde adli ve idari makamlara, gerekli teknik ve idari \u00f6nlemler al\u0131nmas\u0131 ko\u015fulu ile aktar\u0131labilecektir.<\/p>\n<p class=\"p4\"><b>\u00c7erez Ayd\u0131nlatma Metni<\/b><\/p>\n<p class=\"p4\">Lili &amp; June ( Lili &amp; June veya \u201c\u015eirket\u201d olarak an\u0131lacakt\u0131r) olarak, web sitelerimiz (\u201cSite\u201d), uygulamalar\u0131m\u0131z ya da dijital ortamda sizlerin kullan\u0131m\u0131na sundu\u011fumuz benzeri t\u00fcm \u00e7evrimi\u00e7i ya da \u00e7evrimd\u0131\u015f\u0131 mecralar\u0131m\u0131z\u0131 (an\u0131lan t\u00fcm mecralar birlikte \u201cPlatform\u201d olarak an\u0131lacakt\u0131r.) kullan\u0131m\u0131n\u0131z veya ziyaretiniz s\u0131ras\u0131nda sizlerin deneyimini geli\u015ftirmek i\u00e7in \u00e7erezler, pikseller vb. birtak\u0131m teknolojilerden (\u201c\u00e7erezler\u201d) faydalanmaktay\u0131z. Bu teknolojilerin kullan\u0131m\u0131 ba\u015fta 6698 say\u0131l\u0131 Ki\u015fisel Verilerin Korunmas\u0131 Kanunu (\u201cKVK Kanunu\u201d) olmak \u00fczere tabi oldu\u011fumuz mevzuata uygun \u015fekilde ger\u00e7ekle\u015ftirilmektedir. \u0130\u015fbu \u00c7erez Ayd\u0131nlatma Metni\u2019nin amac\u0131, Platformlar\u0131n kullan\u0131m\u0131 esnas\u0131nda kullan\u0131lmakta olan \u00e7erez ve piksel gibi ki\u015fisel verilerin toplanmas\u0131 yoluyla ki\u015fisel verilerin i\u015flenmesi nedeniyle elde edilen ki\u015fisel verilerin i\u015flenmesine ili\u015fkin olarak sizlere bilgi vermektir.<span>\u00a0 <\/span>\u0130\u015fbu metinde sitemizde ve uygulamam\u0131zda hangi ama\u00e7larla hangi t\u00fcr \u00e7erezleri kulland\u0131\u011f\u0131m\u0131z\u0131 ve bu \u00e7erezleri nas\u0131l kontrol edebilece\u011finizi sizlere a\u00e7\u0131klamak istiyoruz. Lili &amp; June olarak sitemizde ve uygulamam\u0131zda kulland\u0131\u011f\u0131m\u0131z \u00e7erezleri kullanmaktan vazge\u00e7ebilir, bunlar\u0131n t\u00fcrlerini veya fonksiyonlar\u0131n\u0131 de\u011fi\u015ftirebilir veya sitemize ve uygulamam\u0131zda yeni \u00e7erezler ekleyebiliriz. Dolay\u0131s\u0131yla i\u015fbu \u00c7erez Ayd\u0131nlatma Metni\u2019nin h\u00fck\u00fcmlerini diledi\u011fimiz zaman de\u011fi\u015ftirme hakk\u0131n\u0131 sakl\u0131 tutar\u0131z. G\u00fcncel \u00c7erez Ayd\u0131nlatma Metni \u00fczerinde ger\u00e7ekle\u015ftirilmi\u015f olan her t\u00fcrl\u00fc de\u011fi\u015fiklik sitede, uygulamada veya herhangi bir kamuya a\u00e7\u0131k mecrada yay\u0131nlanmakla birlikte y\u00fcr\u00fcrl\u00fck kazanacakt\u0131r. Son g\u00fcncelleme tarihini metnin sonunda bulabilirsiniz. Ki\u015fisel Veri Toplaman\u0131n Y\u00f6ntemi ve Hukuki Sebebi Ki\u015fisel verileriniz, internet sitemizi ziyaretiniz kapsam\u0131nda veya uygulamam\u0131z\u0131 kullanman\u0131z dolay\u0131s\u0131yla elektronik ortamda \u00e7erezler yoluyla \u015eirketimizin me\u015fru menfaatine y\u00f6nelik hukuki sebebe dayal\u0131 olarak toplanmaktad\u0131r. Hedefleme ve profilleme vas\u0131tas\u0131yla ger\u00e7ekle\u015ftirilen pazarlama ve reklamc\u0131l\u0131k faaliyetleri ise yaln\u0131zca a\u00e7\u0131k r\u0131zan\u0131z olmas\u0131 halinde ger\u00e7ekle\u015ftirilmektedir. Toplanan ki\u015fisel verileriniz Kanun\u2019un 5. ve 6. maddelerinde belirtilen ki\u015fisel veri i\u015fleme \u015fartlar\u0131 ve ama\u00e7lar\u0131 kapsam\u0131nda i\u015fbu \u00c7erez Ayd\u0131nlatma Metni\u2019nde belirtilen ama\u00e7larla da i\u015flenebilmektedir. Ki\u015fisel Verilerin Kimlere ve Hangi Ama\u00e7la Aktar\u0131labilece\u011fi \u015eirket olarak, \u00c7erez Ayd\u0131nlatma Metni kapsam\u0131ndaki ki\u015fisel verilerinizi yukar\u0131da belirtilen ama\u00e7lar\u0131n ger\u00e7ekle\u015ftirilebilmesi ile s\u0131n\u0131rl\u0131 olarak ve mevzuata uygun \u015fekilde tedarik\u00e7ilerimize, kanunen yetkili kamu kurumlar\u0131na ve \u00f6zel ki\u015filere payla\u015fabiliriz.<\/p>\n<p class=\"p4\"><b>Hangi \u00c7erezler Hangi Ama\u00e7larla Kullan\u0131lmaktad\u0131r?<\/b><\/p>\n<p class=\"p4\">Genel Olarak \u015eirket olarak sitemizde \u00e7e\u015fitli ama\u00e7larla \u00e7erezler kullanmakta ve bu \u00e7erezler vas\u0131tas\u0131yla ki\u015fisel verilerinizi i\u015flemekteyiz. Bu ama\u00e7lar ba\u015fl\u0131ca \u015funlard\u0131r:<\/p>\n<p class=\"p4\">\u2013 Site\u2019nin \u00e7al\u0131\u015fmas\u0131 i\u00e7in gerekli temel fonksiyonlar\u0131 ger\u00e7ekle\u015ftirmek. \u00d6rne\u011fin, oturum a\u00e7an \u00fcyelerin Site\u2019de farkl\u0131 sayfalar\u0131 ziyaret ederken tekrar \u015fifre girmelerine gerek kalmamas\u0131.<\/p>\n<p class=\"p4\">\u2013 Site\u2019yi analiz etmek ve Site\u2019nin performans\u0131n\u0131 artt\u0131rmak. \u00d6rne\u011fin, Site\u2019nin \u00fczerinde \u00e7al\u0131\u015ft\u0131\u011f\u0131 farkl\u0131 sunucular\u0131n entegrasyonu, Site\u2019yi ziyaret edenlerin say\u0131s\u0131n\u0131n tespit edilmesi ve buna g\u00f6re performans ayarlar\u0131n\u0131n yap\u0131lmas\u0131 ya da ziyaret\u00e7ilerin arad\u0131klar\u0131n\u0131 bulmalar\u0131n\u0131n kolayla\u015ft\u0131r\u0131lmas\u0131.<\/p>\n<p class=\"p4\">\u2013 Site\u2019nin i\u015flevselli\u011fini artt\u0131rmak ve kullan\u0131m kolayl\u0131\u011f\u0131 sa\u011flamak. \u00d6rne\u011fin, Site \u00fczerinden \u00fc\u00e7\u00fcnc\u00fc taraf sosyal medya mecralar\u0131na payla\u015f\u0131mda bulunmak, Site\u2019yi ziyaret eden ziyaret\u00e7inin daha sonraki ziyaretinde kullan\u0131c\u0131 ad\u0131 bilgisinin ya da arama sorgular\u0131n\u0131n hat\u0131rlanmas\u0131.<\/p>\n<p class=\"p4\">\u2013 Ki\u015fiselle\u015ftirme, hedefleme ve reklamc\u0131l\u0131k faaliyeti ger\u00e7ekle\u015ftirmek. \u00d6rne\u011fin, ziyaret\u00e7ilerin g\u00f6r\u00fcnt\u00fcledikleri sayfa ve \u00fcr\u00fcnler \u00fczerinden ziyaret\u00e7ilerin ilgi alanlar\u0131yla ba\u011flant\u0131l\u0131 reklam g\u00f6sterilmesi.<\/p>\n<p class=\"p4\">KVK Kanunu\u2019nun 5. ve 8. maddeleri uyar\u0131nca ve\/veya ilgili mevzuattaki istisnalar\u0131n varl\u0131\u011f\u0131 halinde ki\u015fisel verileriniz mevzuat uyar\u0131nca gerekli olan hallerde r\u0131zan\u0131z do\u011frultusunda, aksi hallerde r\u0131zan\u0131z al\u0131nmaks\u0131z\u0131n yukar\u0131daki ama\u00e7lar do\u011frultusunda i\u015flenebilecektir. Lilly &amp; June olarak, ayd\u0131nlatma metni kapsam\u0131ndaki ki\u015fisel verilerinizi yukar\u0131da belirtilen ama\u00e7lar\u0131n ger\u00e7ekle\u015ftirilebilmesi ile s\u0131n\u0131rl\u0131 olarak ve mevzuata uygun \u015fekilde \u015eirketimizin hizmetlerinden faydaland\u0131\u011f\u0131 \u00fc\u00e7\u00fcnc\u00fc ki\u015filerle, ba\u011fl\u0131 ortakl\u0131klar\u0131m\u0131zla, i\u015f ortaklar\u0131m\u0131zla ve grup \u015firketlerimiz ile payla\u015fabiliriz. Verilerin aktar\u0131ld\u0131\u011f\u0131 taraflar\u0131n ki\u015fisel verilerinizi d\u00fcnyan\u0131n her yerindeki sunucular\u0131nda saklayabilece\u011fini belirtmek isteriz. Sitemizde Kullan\u0131lan \u00c7erezler A\u015fa\u011f\u0131da sitemizde ve uygulamam\u0131zda kulland\u0131\u011f\u0131m\u0131z farkl\u0131 t\u00fcrdeki \u00e7erezleri bulabilirsiniz. Sitemizde hem birinci parti \u00e7erezler (ziyaret etti\u011finiz site taraf\u0131ndan yerle\u015ftirilen) hem de \u00fc\u00e7\u00fcnc\u00fc parti \u00e7erezleri (ziyaret etti\u011finiz site haricindeki sunucular taraf\u0131ndan yerle\u015ftirilen) kullan\u0131lmaktad\u0131r.<\/p>\n<p class=\"p4\"><b>Zorunlu \u00c7erezler<\/b><\/p>\n<p class=\"p4\">Belli \u00e7erezlerin kullan\u0131m\u0131 sitemizin ve uygulamam\u0131z\u0131n do\u011fru bi\u00e7imde \u00e7al\u0131\u015fmas\u0131 i\u00e7in zorunludur. \u00d6rne\u011fin sitemizde oturum a\u00e7t\u0131\u011f\u0131n\u0131zda devreye giren kimlik do\u011frulama \u00e7erezleri, sitemizde bir sayfadan di\u011ferine ge\u00e7i\u015finizde etkin olan oturumunuzun devam etmesini sa\u011flamaktad\u0131r. \u0130\u015flevsellik ve Tercih \u00c7erezleri Bu \u00e7erezler sizlerin site ve uygulama \u00fczerindeki tercihlerini ve se\u00e7imlerinizi hat\u0131rlayarak sitemizde sunulan hizmetlerin sizin i\u00e7in ki\u015fiselle\u015fmesini sa\u011flamaktad\u0131r. \u00d6rne\u011fin sitemiz \u00fczerindeki dil se\u00e7iminizi veya bir metin okurken se\u00e7mi\u015f oldu\u011funuz font boyutunu hat\u0131rlamam\u0131z\u0131 sa\u011flar.<\/p>\n<p class=\"p4\"><b>Sosyal Medya \u00c7erezleri<\/b><\/p>\n<p class=\"p4\">Bu \u00e7erezler sizlerin sosyal medya kullan\u0131mlar\u0131n\u0131z hakk\u0131nda bilgilerin toplanmas\u0131n\u0131 sa\u011flar. \u00d6rne\u011fin Ki\u015fiselle\u015ftirilmi\u015f reklamlar olu\u015fturulmas\u0131 ya da market ara\u015ft\u0131rmalar\u0131 yap\u0131lmas\u0131 i\u00e7in Facebook\/Instagram hesaplar\u0131n\u0131za ait bilgilerin kullan\u0131lmas\u0131 i\u00e7in \u00e7erezler kullan\u0131labilir. Performans ve Analiz \u00c7erezleri Bu \u00e7erezler sayesinde sitemizi ve uygulamam\u0131z\u0131 kullan\u0131m\u0131n\u0131z\u0131 ve performans analizi yaparak sizlere verdi\u011fimiz hizmetleri daha iyi hale getirebiliyoruz. \u00d6rne\u011fin bu \u00e7erezler sayesinde ziyaret\u00e7ilerimizin en \u00e7ok hangi sayfalar\u0131 g\u00f6r\u00fcnt\u00fcledi\u011fini, sitemizin gerekti\u011fi gibi \u00e7al\u0131\u015f\u0131p \u00e7al\u0131\u015fmad\u0131\u011f\u0131n\u0131 ve olas\u0131 problemleri tespit edebiliyoruz. Hedefleme veya reklam \u00e7erezleri Sizlere sitemizde veya sitemiz haricindeki mecralarda \u00fcr\u00fcn ve hizmet tan\u0131t\u0131m\u0131n\u0131 yapmak i\u00e7in \u00e7erezler kullan\u0131yoruz. Ayr\u0131ca baz\u0131 i\u015f ortaklar\u0131m\u0131zla sizlere sitemiz dahilinde veya d\u0131\u015f\u0131nda reklam ve tan\u0131t\u0131m yapmak i\u00e7in i\u015f birli\u011fine gidebiliriz. \u00d6rne\u011fin, sitemizde g\u00f6rd\u00fc\u011f\u00fcn\u00fcz bir reklama t\u0131klay\u0131p t\u0131klamad\u0131\u011f\u0131n\u0131z\u0131, e\u011fer reklam ilginizi \u00e7ektikten sonra o reklam y\u00f6nlendirdi\u011fi sitedeki hizmetten faydalan\u0131p faydalanmad\u0131\u011f\u0131n\u0131z\u0131 takip etmek i\u00e7in \u00e7erezler kullan\u0131labilmektedir.<\/p>\n<p class=\"p4\"><b>\u00c7erezlerin Kullan\u0131m\u0131n\u0131 Nas\u0131l Kontrol Edebilirim?<\/b><\/p>\n<p class=\"p4\">\u00c7erez ve benzeri teknolojilerin kullan\u0131m\u0131 konusunda ziyaret\u00e7i ve kullan\u0131c\u0131lar\u0131m\u0131z\u0131n tercihleri bizler i\u00e7in esast\u0131r. Buna kar\u015f\u0131n, Platform\u2019un \u00e7al\u0131\u015fmas\u0131 i\u00e7in zorunlu olan \u00c7erezler\u2019in kullan\u0131lmas\u0131 gerekmektedir. Ek olarak baz\u0131 \u00e7erezlerin kapat\u0131lmas\u0131 halinde Platform\u2019un birtak\u0131m i\u015flevlerinin k\u0131smen ya da tamamen \u00e7al\u0131\u015fmayabilece\u011fini hat\u0131rlatmak isteriz. Platform\u2019da kullan\u0131lan \u00e7erezlere dair tercihlerinizi ne \u015fekilde y\u00f6netebilece\u011finize ili\u015fkin bilgiler a\u015fa\u011f\u0131daki gibidir: Ziyaret\u00e7iler, Platform\u2019u g\u00f6r\u00fcnt\u00fcledikleri taray\u0131c\u0131 ayarlar\u0131n\u0131 de\u011fi\u015ftirerek \u00e7erezlere ili\u015fkin tercihlerini ki\u015fiselle\u015ftirme imkan\u0131na sahiptir. E\u011fer kullan\u0131lmakta olan taray\u0131c\u0131 bu imk\u00e2n\u0131 sunmaktaysa, taray\u0131c\u0131 ayarlar\u0131 \u00fczerinden \u00e7erezlere ili\u015fkin tercihleri de\u011fi\u015ftirmek m\u00fcmk\u00fcnd\u00fcr. B\u00f6ylelikle, taray\u0131c\u0131n\u0131n sunmu\u015f oldu\u011fu imk\u00e2nlara g\u00f6re farkl\u0131l\u0131k g\u00f6sterebilmekle birlikte, veri sahiplerinin \u00e7erezlerin kullan\u0131lmas\u0131n\u0131 engelleme, \u00e7erez kullan\u0131lmadan \u00f6nce uyar\u0131 almay\u0131 tercih etme veya sadece baz\u0131 \u00e7erezleri devre b\u0131rakma ya da silme imkanlar\u0131 bulunmaktad\u0131r. Bu konudaki tercihler kullan\u0131lan taray\u0131c\u0131ya g\u00f6re de\u011fi\u015fiklik g\u00f6stermekle birlikte genel a\u00e7\u0131klamaya https:\/\/www.aboutcookies.org\/\u202f\u202fadresinden ula\u015fmak m\u00fcmk\u00fcnd\u00fcr. \u00c7erezlere ili\u015fkin tercihlerin, ziyaret\u00e7inin Platform\u2019a eri\u015fim sa\u011flad\u0131\u011f\u0131 her bir cihaz \u00f6zelinde ayr\u0131 ayr\u0131 yap\u0131lmas\u0131 gerekebilecektir. Google Analytics taraf\u0131ndan y\u00f6netilen \u00e7erezleri kapatmak i\u00e7in\u202ft\u0131klay\u0131n\u0131z. Google taraf\u0131ndan sa\u011flanan ki\u015fiselle\u015ftirilmi\u015f reklam deneyimini y\u00f6netmek i\u00e7in\u202ft\u0131klay\u0131n\u0131z. Bir\u00e7ok firman\u0131n reklam faaliyetleri i\u00e7in kulland\u0131\u011f\u0131 \u00e7erezler bak\u0131m\u0131ndan tercihler\u202fYour Online Choices \u00fczerinden y\u00f6netilebilir. Mobil cihazlar \u00fczerinden \u00e7erezleri y\u00f6netmek i\u00e7in mobil cihaza ait ayarlar men\u00fcs\u00fc kullan\u0131labilir. Taray\u0131c\u0131n\u0131z\u0131n ayarlar\u0131n\u0131 de\u011fi\u015ftirerek \u00e7erezlere ili\u015fkin tercihlerinizi ki\u015fiselle\u015ftirme imkan\u0131na sahipsiniz.\u00a0<\/p>\n<p class=\"p4\"><b>Veri Sahibi Olarak Haklar\u0131n\u0131z Nelerdir?<\/b><\/p>\n<p class=\"p4\">KVK Kanunu\u2019nun 11. maddesi uyar\u0131nca veri sahipleri, ki\u015fisel veri i\u015flenip i\u015flenmedi\u011fini \u00f6\u011frenme, ki\u015fisel verileri i\u015flenmi\u015fse buna ili\u015fkin bilgi talep etme, ki\u015fisel verilerin i\u015flenme amac\u0131n\u0131 ve bunlar\u0131n amac\u0131na uygun kullan\u0131l\u0131p kullan\u0131lmad\u0131\u011f\u0131n\u0131 \u00f6\u011frenme, yurt i\u00e7inde veya yurt d\u0131\u015f\u0131nda ki\u015fisel verilerin aktar\u0131ld\u0131\u011f\u0131 \u00fc\u00e7\u00fcnc\u00fc ki\u015fileri bilme, ki\u015fisel verilerin eksik veya yanl\u0131\u015f i\u015flenmi\u015f olmas\u0131 h\u00e2linde bunlar\u0131n d\u00fczeltilmesini isteme ve bu kapsamda yap\u0131lan i\u015flemin ki\u015fisel verilerin aktar\u0131ld\u0131\u011f\u0131 \u00fc\u00e7\u00fcnc\u00fc ki\u015filere bildirilmesini isteme, KVK Kanunu ve ilgili di\u011fer kanun h\u00fck\u00fcmlerine uygun olarak i\u015flenmi\u015f olmas\u0131na ra\u011fmen, i\u015flenmesini gerektiren sebeplerin ortadan kalkmas\u0131 h\u00e2linde ki\u015fisel verilerin silinmesini veya yok edilmesini isteme ve bu kapsamda yap\u0131lan i\u015flemin ki\u015fisel verilerin aktar\u0131ld\u0131\u011f\u0131 \u00fc\u00e7\u00fcnc\u00fc ki\u015filere bildirilmesini isteme, i\u015flenen verilerin m\u00fcnhas\u0131ran otomatik sistemler vas\u0131tas\u0131yla analiz edilmesi suretiyle ki\u015finin kendisi aleyhine bir sonucun ortaya \u00e7\u0131kmas\u0131na itiraz etme, ki\u015fisel verilerin kanuna ayk\u0131r\u0131 olarak i\u015flenmesi sebebiyle zarara u\u011framas\u0131 h\u00e2linde zarar\u0131n giderilmesini talep etme haklar\u0131na sahiptir. S\u00f6z konusu haklar\u0131n\u0131za ili\u015fkin taleplerinizi \u015eirketimize -posta adresi \u00fczerinden iletebilirsiniz. Talebinizin niteli\u011fine g\u00f6re en k\u0131sa s\u00fcrede ve en ge\u00e7 otuz g\u00fcn i\u00e7inde ba\u015fvurular\u0131n\u0131z \u00fccretsiz olarak sonu\u00e7land\u0131r\u0131lacakt\u0131r; ancak i\u015flemin ayr\u0131ca bir maliyet gerektirmesi halinde Ki\u015fisel Verileri Koruma Kurulu taraf\u0131ndan belirlenecek tarifeye g\u00f6re taraf\u0131n\u0131zdan \u00fccret talep edilebilecektir.<\/p>\n","protected":false},"excerpt":{"rendered":"<p>G\u00fcvenli\u011finiz bizim i\u00e7in \u00f6nemli. Bu sebeple bizimle payla\u015faca\u011f\u0131n\u0131z ki\u015fisel verileriz hassasiyetle korunmaktad\u0131r. Biz, bu gizlilik ve ki\u015fisel verilerin korunmas\u0131 politikas\u0131 ile, hangi ki\u015fisel verilerinizin hangi ama\u00e7la i\u015flenece\u011fi, i\u015flenen verilerin kimlerle ve neden payla\u015f\u0131labilece\u011fi, veri i\u015fleme y\u00f6ntemimiz ve hukuki sebeplerimiz ile; i\u015flenen verilerinize ili\u015fkin haklar\u0131n\u0131z\u0131n neler oldu\u011fu hususunda sizleri ayd\u0131nlatmay\u0131 ama\u00e7l\u0131yoruz. Toplanan Ki\u015fisel Verileriniz, Toplanma Y\u00f6ntemi [&hellip;]<\/p>\n","protected":false},"author":1,"featured_media":0,"parent":0,"menu_order":20,"comment_status":"closed","ping_status":"closed","template":"","meta":{"footnotes":""},"class_list":["post-270","page","type-page","status-publish","hentry"],"acf":[],"_links":{"self":[{"href":"https:\/\/liliandjune.com\/en\/wp-json\/wp\/v2\/pages\/270","targetHints":{"allow":["GET"]}}],"collection":[{"href":"https:\/\/liliandjune.com\/en\/wp-json\/wp\/v2\/pages"}],"about":[{"href":"https:\/\/liliandjune.com\/en\/wp-json\/wp\/v2\/types\/page"}],"author":[{"embeddable":true,"href":"https:\/\/liliandjune.com\/en\/wp-json\/wp\/v2\/users\/1"}],"replies":[{"embeddable":true,"href":"https:\/\/liliandjune.com\/en\/wp-json\/wp\/v2\/comments?post=270"}],"version-history":[{"count":0,"href":"https:\/\/liliandjune.com\/en\/wp-json\/wp\/v2\/pages\/270\/revisions"}],"wp:attachment":[{"href":"https:\/\/liliandjune.com\/en\/wp-json\/wp\/v2\/media?parent=270"}],"curies":[{"name":"wp","href":"https:\/\/api.w.org\/{rel}","templated":true}]}}