{"id":271,"date":"2023-02-08T05:08:52","date_gmt":"2023-02-08T02:08:52","guid":{"rendered":"https:\/\/liliandjune.com\/refund-policy\/"},"modified":"2023-02-08T05:08:52","modified_gmt":"2023-02-08T02:08:52","slug":"refund-policy","status":"publish","type":"page","link":"https:\/\/liliandjune.com\/en\/refund-policy\/","title":{"rendered":"Refund Policy"},"content":{"rendered":"<p class=\"p1\">De\u011ferli m\u00fc\u015fterimiz;<\/p>\n<p class=\"p1\">Lili &amp; June olarak firmam\u0131z b\u00fcnyesinde sizler i\u00e7in \u00f6zenle se\u00e7ti\u011fimiz vintage giyim \u00fcr\u00fcnlerini taraf\u0131n\u0131za sunmaktay\u0131z. \u00dcr\u00fcnlerimizin \u00f6zellikli durumlar\u0131 sebebiyle firmam\u0131z b\u00fcnyesinde sat\u0131\u015fa sunulan \u00fcr\u00fcnlerimize \u00f6zel ko\u015fullar ve \u00f6zeller kurallar uygulanmaktad\u0131r.<\/p>\n<p class=\"p2\">\u00a0<\/p>\n<p class=\"p1\">Firmam\u0131z\u0131n kalite standartlar\u0131m\u0131z\u0131 korumak ve sizlere daha iyi bir hizmet sunabilmek ad\u0131na \u00fcr\u00fcnlerimizi sat\u0131\u015f\u0131 ger\u00e7ekle\u015fene kadar \u00f6zel stantlar\u0131m\u0131zda muhafaza etmekteyiz.<\/p>\n<p class=\"p2\">\u00a0<\/p>\n<p class=\"p1\">Sat\u0131\u015fa sundu\u011fumuz t\u00fcm \u00fcr\u00fcnlerimizden yaln\u0131zca bir (1) adet mevcuttur dolay\u0131s\u0131yla \u00fcr\u00fcnlerimizde beden de\u011fi\u015fimi m\u00fcmk\u00fcn olmamaktad\u0131r. Ayr\u0131ca \u00fcr\u00fcnlerin kuma\u015f zarar\u0131, d\u00fc\u011fme-aksesuar eksikli\u011fi gibi durumlar \u00fcr\u00fcn\u00fcn tekrar sat\u0131lmas\u0131na ve kullan\u0131m\u0131na engel olaca\u011f\u0131ndan \u00fcr\u00fcnlerimizde \u00fcr\u00fcn de\u011fi\u015fimi ve iade kabul edilmemektedir.<\/p>\n","protected":false},"excerpt":{"rendered":"<p>De\u011ferli m\u00fc\u015fterimiz; Lili &amp; June olarak firmam\u0131z b\u00fcnyesinde sizler i\u00e7in \u00f6zenle se\u00e7ti\u011fimiz vintage giyim \u00fcr\u00fcnlerini taraf\u0131n\u0131za sunmaktay\u0131z. \u00dcr\u00fcnlerimizin \u00f6zellikli durumlar\u0131 sebebiyle firmam\u0131z b\u00fcnyesinde sat\u0131\u015fa sunulan \u00fcr\u00fcnlerimize \u00f6zel ko\u015fullar ve \u00f6zeller kurallar uygulanmaktad\u0131r. \u00a0 Firmam\u0131z\u0131n kalite standartlar\u0131m\u0131z\u0131 korumak ve sizlere daha iyi bir hizmet sunabilmek ad\u0131na \u00fcr\u00fcnlerimizi sat\u0131\u015f\u0131 ger\u00e7ekle\u015fene kadar \u00f6zel stantlar\u0131m\u0131zda muhafaza etmekteyiz. \u00a0 Sat\u0131\u015fa [&hellip;]<\/p>\n","protected":false},"author":1,"featured_media":0,"parent":0,"menu_order":22,"comment_status":"closed","ping_status":"closed","template":"page-centered.php","meta":{"footnotes":""},"class_list":["post-271","page","type-page","status-publish","hentry"],"acf":[],"_links":{"self":[{"href":"https:\/\/liliandjune.com\/en\/wp-json\/wp\/v2\/pages\/271","targetHints":{"allow":["GET"]}}],"collection":[{"href":"https:\/\/liliandjune.com\/en\/wp-json\/wp\/v2\/pages"}],"about":[{"href":"https:\/\/liliandjune.com\/en\/wp-json\/wp\/v2\/types\/page"}],"author":[{"embeddable":true,"href":"https:\/\/liliandjune.com\/en\/wp-json\/wp\/v2\/users\/1"}],"replies":[{"embeddable":true,"href":"https:\/\/liliandjune.com\/en\/wp-json\/wp\/v2\/comments?post=271"}],"version-history":[{"count":0,"href":"https:\/\/liliandjune.com\/en\/wp-json\/wp\/v2\/pages\/271\/revisions"}],"wp:attachment":[{"href":"https:\/\/liliandjune.com\/en\/wp-json\/wp\/v2\/media?parent=271"}],"curies":[{"name":"wp","href":"https:\/\/api.w.org\/{rel}","templated":true}]}}