{"id":272,"date":"2023-02-08T05:14:04","date_gmt":"2023-02-08T02:14:04","guid":{"rendered":"https:\/\/liliandjune.com\/conditions\/"},"modified":"2023-02-08T05:14:04","modified_gmt":"2023-02-08T02:14:04","slug":"conditions","status":"publish","type":"page","link":"https:\/\/liliandjune.com\/en\/conditions\/","title":{"rendered":"Conditions"},"content":{"rendered":"<h3>Sipari\u015f Bilgisi<\/h3>\n<p><strong>Sipari\u015f \u0130\u00e7eri\u011fi ve Toplam\u0131 :<\/strong><br \/>\n[sepet-tutar]<\/p>\n<p><strong>Sipari\u015f Tarihi :<\/strong><span>\u00a0<\/span>[tarih]<\/p>\n<h3>Kullan\u0131c\u0131 Bilgileri<\/h3>\n<p><strong>Kullan\u0131c\u0131 Ad\u0131 :<\/strong><span>\u00a0<\/span>[kullanici-adi]<\/p>\n<p><strong>T.C Kimlik No :<\/strong><span>\u00a0<\/span>[tc-no]<\/p>\n<p><strong>Telefon Numaras\u0131 :<span>\u00a0<\/span><\/strong>[telefon-no]<\/p>\n<p><strong>E-posta Adresi :<span>\u00a0<\/span><\/strong>[e-posta-adresi]<\/p>\n<h3>Fatura Bilgileri<\/h3>\n<p><strong>Faturadaki \u0130sim :<\/strong><span>\u00a0<\/span>[fatura-kullanici-adi]<\/p>\n<p><strong>Fatura Firma \u0130smi :<\/strong><span>\u00a0<\/span>[fatura-firma-adi]<\/p>\n<p><strong>Fatura Adresi :<\/strong><span>\u00a0<\/span>[fatura-adresi]<\/p>\n<h3>Kargo Bilgileri<\/h3>\n<p><strong>Kargo Teslim Alacak Ki\u015fi :<\/strong><span>\u00a0<\/span>[kargo-kullanici-adi]<\/p>\n<p><strong>Kargo Firma \u0130smi :<\/strong><span>\u00a0<\/span>[kargo-firma-adi]<\/p>\n<p><strong>Kargo Adresi :<\/strong><span>\u00a0<\/span>[kargo-adresi]<\/p>\n<p>&nbsp;<\/p>\n<p class=\"p1\">\u0130\u015f Bu \u00d6n Bilgilendirme ALICI\u2019y\u0131 sat\u0131n alaca\u011f\u0131 mal veya hizmetler hakk\u0131nda bilgilendirmek \u00fczere haz\u0131rlanm\u0131\u015ft\u0131r. T\u00fcm kullan\u0131c\u0131lar \u00fcyelik i\u015flemlerini ger\u00e7ekle\u015ftirdikleri anda sat\u0131\u015f s\u00f6zle\u015fmesini okuduklar\u0131n\u0131 ve onaylad\u0131klar\u0131n\u0131 kabul etmi\u015f say\u0131l\u0131rlar.<\/p>\n<p class=\"p1\"><b>SATI\u015e S\u00d6ZLE\u015eMES\u0130<\/b><\/p>\n<p class=\"p1\">Lili &amp; June (SATICI) ile M\u00fc\u015fteri\/Bayi (ALICI) aras\u0131ndaki Sanal Ortamdaki Sat\u0131\u015f S\u00f6zle\u015fmesidir.<\/p>\n<p class=\"p1\"><b>MADDE \u2013 1. TARAFLAR <\/b><\/p>\n<p class=\"p1\"><b>1.1.SATICI B\u0130LG\u0130LER\u0130<\/b><\/p>\n<p class=\"p1\">Lili &amp; June (Selin YILDIZ)<\/p>\n<p class=\"p1\">Adres:<\/p>\n<p class=\"p1\">YE\u015e\u0130LCE MAH. AYTEK\u0130N SK. NO: 21 \u0130\u00c7 KAPI NO: 2 KA\u011eITHANE\/ \u0130STANBUL<\/p>\n<p class=\"p2\">Tel:<\/p>\n<p class=\"p2\">E-Posta:<\/p>\n<p class=\"p1\"><span>E-Posta \u00d6neri ve \u015eikayetler i\u00e7in:<\/span><\/p>\n<p class=\"p1\">Vergi Kimlik Numaras\u0131 715 074 34 38<\/p>\n<p class=\"p1\"><b>1.2.ALICI B\u0130LG\u0130LER\u0130<\/b><\/p>\n<p class=\"p1\">T\u00fcm \u00fcyeler:<span>\u00a0 <\/span>Lilli &amp; June firmas\u0131n\u0131n Online ma\u011fazas\u0131 www&#8230;&#8230;com&#8217;u kullanan, \u00fcye olan, daha \u00f6nce s\u00f6zle\u015fme imzalayan ve aktif olarak firmam\u0131zdan al\u0131\u015fveri\u015f yapan t\u00fcm al\u0131c\u0131lar. (Bundan sonra ALICI veya M\u00dc\u015eTER\u0130 olarak an\u0131lacakt\u0131r).<\/p>\n<p class=\"p1\"><b>MADDE \u2013 2. S\u00d6ZLE\u015eMEN\u0130N KONUSU VE KAPSAMI <br \/>\n<\/b><\/p>\n<p class=\"p1\">\u0130\u015f bu s\u00f6zle\u015fme Mesafeli Sat\u0131\u015f S\u00f6zle\u015fmesi(\u201cS\u00f6zle\u015fme\u201d) 6502 Say\u0131l\u0131 T\u00fcketicinin Korunmas\u0131 Hakk\u0131nda Kanun(\u201cKanun\u201d) ve Mesafeli S\u00f6zle\u015fmeler Y\u00f6netmeli\u011fi\u2019ne uygun olarak d\u00fczenlenmi\u015ftir. \u0130\u015fbu s\u00f6zle\u015fmenin taraflar\u0131, i\u015fbu S\u00f6zle\u015fme taht\u0131nda Kanun\u2019dan ve Mesafeli S\u00f6zle\u015fmeler Y\u00f6netmeli\u011fi\u2019nden kaynaklanan y\u00fck\u00fcml\u00fcl\u00fck ve sorumluluklar\u0131n\u0131 bildiklerini ve anlad\u0131klar\u0131n\u0131 kabul ve beyan eder. \u0130\u015fbu S\u00f6zle\u015fme\u2019nin konusunu<span>\u00a0 <\/span>Lili &amp; June <span>www\u2026\u2026&#8230;com<\/span> adl\u0131 web sitesinden(\u201cWebsitesi\u201d), Sat\u0131c\u0131\u2019ya ait mal veya hizmetin sat\u0131n al\u0131nmas\u0131na y\u00f6nelik elektronik olarak sipari\u015f verdi\u011fi, S\u00f6zle\u015fme\u2019de belirtilen niteliklere sahip mal veya hizmetin sat\u0131\u015f\u0131 ve teslimi ile ilgili olarak Kanun ve Mesafeli S\u00f6zle\u015fmeler h\u00fck\u00fcmleri gere\u011fince taraflar\u0131n hak ve y\u00fck\u00fcml\u00fcl\u00fcklerinin belirlenmesi olu\u015fturur.<\/p>\n<p class=\"p1\">\n<b>MADDE \u2013 3. MAL\/\u00dcR\u00dcN B\u0130LG\u0130LER\u0130<\/b><\/p>\n<p class=\"p1\">\nMal\/\u00dcr\u00fcn veya Hizmetin; T\u00fcr\u00fc, Miktar\u0131, Marka\/Modeli, Rengi, Adedi, Sat\u0131\u015f Bedeli ve \u00d6deme \u015eekli, sitede belirtildi\u011fi gibi olup, bu vaatler ALICI\u2019ya bildirilmeden de\u011fi\u015fiklik g\u00f6sterebilmektedir.<\/p>\n<p class=\"p3\">Mal\u0131n pe\u015fin veya vadeli\u00a0sat\u0131\u015f\u00a0fiyat\u0131, sipari\u015f formunda yer almakla birlikte, sipari\u015f sonu g\u00f6nderilen bilgilendirme maili ve \u00fcr\u00fcn ile birlikte m\u00fc\u015fteriye g\u00f6nderilen fatura i\u00e7eri\u011finde mevcut olan fiyatt\u0131r. Sat\u0131c\u0131 taraf\u0131ndan yap\u0131lan indirimler, kuponlar, kargo \u00fccreti ve sair uygulamalar\u00a0sat\u0131\u015f\u00a0fiyat\u0131na yans\u0131t\u0131l\u0131r.<\/p>\n<p class=\"p1\"><b>MADDE \u2013 4. GENEL H\u00dcK\u00dcMLER<br \/>\n<\/b><\/p>\n<p class=\"p1\">4.1. Al\u0131c\u0131, Madde 2 ve 3&#8242; te belirtilen s\u00f6zle\u015fme konusu \u00fcr\u00fcn\u00fcn temel nitelikleri, sat\u0131\u015f fiyat\u0131 ve \u00f6deme \u015fekli ile teslimata ili\u015fkin t\u00fcm \u00f6n bilgileri okuyup bilgi sahibi oldu\u011funu ve elektronik ortamda gerekli teyidi verdi\u011fini beyan eder. \u0130lan edilen fiyatlar ve vaatler g\u00fcncelleme yap\u0131lana kadar ge\u00e7erlidir. S\u00fcreli olarak ilan edilen fiyatlar ise belirtilen s\u00fcre sonuna kadar ge\u00e7erlidir. S\u00f6z konusu \u00fcr\u00fcn ya da hizmetin bedeli, Lili &amp; June taraf\u0131ndan tahsil edilmektedir. Al\u0131c\u0131 mal\u0131n\/hizmetin bedelini Lili &amp; June \u2018a \u00f6demekle \u00fcr\u00fcn bedelini SATICI\u2019ya \u00f6demi\u015f say\u0131lmaktad\u0131r.<\/p>\n<p class=\"p1\">4.2. S\u00f6zle\u015fme elektronik ortamda ALICI taraf\u0131ndan onaylanmakla y\u00fcr\u00fcrl\u00fc\u011fe girmi\u015f olur, ALICI\u2019n\u0131n SATICI\u2019dan sat\u0131n alm\u0131\u015f oldu\u011fu mal veya hizmetin Al\u0131c\u0131\u2019ya teslim edilmesiyle ifa edilmi\u015f olur. Mal, ALICI\u2019n\u0131n elektronik ortamda sipari\u015fte belirtmi\u015f oldu\u011fu adrese ve belirtilen yetkili ki\u015fi\/ki\u015filere teslim edilecektir.<\/p>\n<p class=\"p1\">4.3. Mal\u0131n teslimat masraflar\u0131 aksine bir durum yoksa ALICI\u2019ya aittir. Sat\u0131c\u0131, Web sitesinde teslimat \u00fccretinin kendisince kar\u015f\u0131lanaca\u011f\u0131n\u0131 beyan etmi\u015fse teslimat masraflar\u0131 Sat\u0131c\u0131\u2019 ya ait olacakt\u0131r. Mal\u0131n teslimat\u0131; sat\u0131c\u0131n\u0131n stokunun m\u00fcsait olmas\u0131 halinde ve \u00f6demenin ger\u00e7ekle\u015fmesinden sonra taahh\u00fct edilen s\u00fcrede yap\u0131l\u0131r. Sat\u0131c\u0131, sipari\u015f konusu Mal\/Hizmet ediminin yerine getirilmesinin imk\u00e2ns\u0131zla\u015ft\u0131\u011f\u0131 haller sakl\u0131 kalmak kayd\u0131yla, Mal\/hizmeti, Al\u0131c\u0131 taraf\u0131ndan Mal\/Hizmet \u2018in sipari\u015f edilmesinden itibaren 30 (otuz) g\u00fcn i\u00e7inde teslim eder. Herhangi bir nedenle Al\u0131c\u0131 taraf\u0131ndan Mal\/Hizmet bedeli \u00f6denmez veya yap\u0131lan \u00f6deme banka kay\u0131tlar\u0131nda iptal edilir ise, Sat\u0131c\u0131 Mal\/Hizmet \u2018in teslimi y\u00fck\u00fcml\u00fcl\u00fc\u011f\u00fcnden kurtulmu\u015f kabul edilir. Mal\u0131n Sat\u0131c\u0131 taraf\u0131ndan kargoya verilmesinden sonra ve fakat Al\u0131c\u0131 taraf\u0131ndan teslim al\u0131nmas\u0131ndan \u00f6nce Al\u0131c\u0131 taraf\u0131ndan yap\u0131lan sipari\u015f iptallerinde kargo bedelinden Al\u0131c\u0131 sorumludur.<\/p>\n<p class=\"p1\">4.4. S\u00f6zle\u015fme konusu \u00fcr\u00fcn, Al\u0131c\u0131dan ba\u015fka bir ki\u015fi veya kurulu\u015fa teslim edilecek ise, teslim edilecek ki\u015fi veya kurulu\u015fun teslimat\u0131 kabul etmemesinden dolay\u0131 SATICI sorumlu tutulamaz.<\/p>\n<p class=\"p1\">4.4. SATICI, s\u00f6zle\u015fme konusu \u00fcr\u00fcn\u00fcn eksiksiz, sipari\u015fte belirtilen niteliklere uygun ve varsa garanti belgeleri ile birlikte teslim edilmesinden sorumludur.<\/p>\n<p class=\"p1\">4.5. S\u00f6zle\u015fme konusu \u00fcr\u00fcn\u00fcn teslimat\u0131 i\u00e7in i\u015fbu s\u00f6zle\u015fmenin elektronik ortamda onaylanm\u0131\u015f olmas\u0131 ve sat\u0131\u015f bedelinin ALICI\u2019n\u0131n tercih etti\u011fi \u00f6deme \u015fekli ile \u00f6denmi\u015f olmas\u0131 \u015fartt\u0131r. Herhangi bir nedenle \u00fcr\u00fcn bedeli \u00f6denmez veya banka kay\u0131tlar\u0131nda iptal edilir ise, SATICI \u00fcr\u00fcn\u00fcn teslimi y\u00fck\u00fcml\u00fcl\u00fc\u011f\u00fcnden kurtulmu\u015f kabul edilir.<\/p>\n<p class=\"p1\">4.6. \u00dcr\u00fcn\u00fcn tesliminden sonra Al\u0131c\u0131ya ait kredi kart\u0131n\u0131n Al\u0131c\u0131n\u0131n kusurundan kaynaklanmayan bir \u015fekilde yetkisiz ki\u015filerce haks\u0131z veya hukuka ayk\u0131r\u0131 olarak kullan\u0131lmas\u0131 nedeni ile ilgili banka veya finans kurulu\u015funun \u00fcr\u00fcn bedelini SATICI\u2019ya \u00f6dememesi halinde, ALICI kendisi veya sat\u0131\u015f s\u00f6zle\u015fmesinde belirtti\u011fi ki\u015fi veya kuruma teslim edilmi\u015f olan \u00fcr\u00fcn\u00fc 3 i\u015fg\u00fcn\u00fc i\u00e7inde SATICI\u2019ya g\u00f6ndermek zorundad\u0131r. B\u00f6yle bir durumda nakliye giderleri ALICI\u2019ya aittir.<\/p>\n<p class=\"p1\">4.7 \u0130\u015f bu s\u00f6zle\u015fme, ALICI taraf\u0131ndan elektronik olarak onayland\u0131ktan (\u00fcyelik ger\u00e7ekle\u015ftirildikten sonra) <span>www\u2026\u2026 com<\/span> adresine ula\u015ft\u0131r\u0131ld\u0131ktan sonra ge\u00e7erlilik kazan\u0131r.<\/p>\n<p class=\"p1\">4.8.ALICI\u2019lar \u00f6neri, istek ve \u015fikayetlerini <span>www\u2026\u2026.com<\/span> ileti\u015fim b\u00f6l\u00fcm\u00fcnde yer alan \u2026\u2026&#8230;com adresine mail iletebilirler.<\/p>\n<p class=\"p1\">4.9. ALICI, i\u015fbu S\u00f6zle\u015fme\u2019yi elektronik ortamda teyit etmekle, mesafeli s\u00f6zle\u015fmelerin akdinden \u00f6nce SATICI taraf\u0131ndan ALICI\u2019ya verilmesi gereken adres, sipari\u015fi verilen mal veya hizmete ait temel \u00f6zellikler, mal veya hizmetin vergiler dahil fiyat\u0131, \u00f6deme ve teslimat ile teslimat fiyat\u0131 bilgilerini de do\u011fru ve eksiksiz olarak edindi\u011fini teyit etmi\u015f olur. ALICI\u2019n\u0131n, teslim edildi\u011fi esnada tahrip olmu\u015f, k\u0131r\u0131k, ambalaj\u0131 y\u0131rt\u0131lm\u0131\u015f vb. hasarl\u0131 ve ay\u0131pl\u0131 oldu\u011fu a\u00e7\u0131k\u00e7a belli olan hallerde ALICI kargo g\u00f6revlisinden tutanak tutmas\u0131 istemekle y\u00fck\u00fcml\u00fcd\u00fcr. Aksi halde faturada yer alan adette \u00dcr\u00fcnlerin SATICI taraf\u0131ndan Al\u0131c\u0131\u2019ya tam ve eksiksiz teslim edildi\u011fi ve ALICI taraf\u0131ndan \u00dcr\u00fcnlerin tam ve eksiksiz teslim al\u0131nd\u0131\u011f\u0131 kabul edilecektir.<\/p>\n<p class=\"p1\">4.10.ALICI, sipari\u015finde birden fazla \u00fcr\u00fcn bulundu\u011fu durumlarda SATICI taraf\u0131ndan g\u00f6nderimler par\u00e7al\u0131 olarak yap\u0131labilmektedir. ALICI \u00dcr\u00fcn\u2019\u00fcn kargo g\u00f6revlisi taraf\u0131ndan teslimi s\u0131ras\u0131nda \u00dcr\u00fcn say\u0131s\u0131 ile SATICI taraf\u0131ndan d\u00fczenlenen faturada belirtilen \u00fcr\u00fcn say\u0131s\u0131n\u0131n ayn\u0131 oldu\u011funu kontrol etmekle y\u00fck\u00fcml\u00fcd\u00fcr. <span>Par\u00e7al\u0131 her g\u00f6nderim i\u00e7in SATICI taraf\u0131ndan ayr\u0131 fatura d\u00fczenlenmektedi<\/span>r. Faturada belirtilen adette \u00fcr\u00fcnler pakette bulunmad\u0131\u011f\u0131 ya da eksik bulundu\u011fu takdirde ALICI kargo g\u00f6revlisinden tutanak tutmas\u0131 istemekle y\u00fck\u00fcml\u00fcd\u00fcr. Aksi halde faturada yer alan adette \u00dcr\u00fcnlerin SATICI taraf\u0131ndan Al\u0131c\u0131\u2019ya tam ve eksiksiz teslim edildi\u011fi ve ALICI taraf\u0131ndan \u00dcr\u00fcnlerin tam ve eksiksiz teslim al\u0131nd\u0131\u011f\u0131 kabul edilecektir.<\/p>\n<p class=\"p1\"><b>MADDE- 5. CAYMA HAKKI<br \/>\n<\/b><\/p>\n<p class=\"p1\">5.1- Mesafeli S\u00f6zle\u015fmeler Y\u00f6netmeli\u011fi 15. Madde uyar\u0131nca Cayma Hakk\u0131n\u0131n istisnalar\u0131: Niteli\u011fi itibar\u0131yla iade edilemeyecek \u00fcr\u00fcnler, tek kullan\u0131ml\u0131k \u00fcr\u00fcnler,<span>\u00a0 <\/span>al\u0131c\u0131n\u0131n iste\u011fiyle yada ki\u015fisel ihtiya\u00e7lar\u0131 do\u011frultusunda haz\u0131rlanan veya ki\u015fiye \u00f6zel olarak \u00fcretilen \u00fcr\u00fcnler, niteli\u011fi itibariyle g\u00f6nderilmeye elveri\u015fli olmayan \u00fcr\u00fcnler, k\u0131r\u0131lm\u0131\u015f, kullan\u0131lm\u0131\u015f, ambalaj\u0131 a\u00e7\u0131lm\u0131\u015f, y\u0131rt\u0131lm\u0131\u015f, filmi kopmu\u015f, zedelenmi\u015f, lehimlenmi\u015f, y\u0131pranm\u0131\u015f, orijinal ambalaj\u0131 bozulmu\u015f, faturas\u0131 olmayan, fiyat\u0131 finansal piyasalardaki dalgalanmalara ba\u011fl\u0131 olarak de\u011fi\u015fen ve SATICI veya sa\u011flay\u0131c\u0131n\u0131n kontrol\u00fcnde olmayan mal veya hizmetler, tesliminden sonra ba\u015fka \u00fcr\u00fcnlerle kar\u0131\u015fan ve do\u011fas\u0131 gere\u011fi ayr\u0131\u015ft\u0131r\u0131lmas\u0131 m\u00fcmk\u00fcn olmayan mallara ili\u015fkin s\u00f6zle\u015fmeler, tesliminden sonra ambalaj, bant, m\u00fch\u00fcr, paket gibi koruyucu unsurlar\u0131 a\u00e7\u0131lm\u0131\u015f olan mallardan; iadesi sa\u011fl\u0131k ve hijyen a\u00e7\u0131s\u0131ndan uygun olmayanlar\u0131n teslimine ili\u015fkin s\u00f6zle\u015fmeler, cayma hakk\u0131 s\u00fcresi sona ermeden \u00f6nce, t\u00fcketicinin onay\u0131 ile ifas\u0131na ba\u015flanan hizmetlere ili\u015fkin s\u00f6zle\u015fmeler cayma\/iade\/de\u011fi\u015fim i\u00e7in cayma hakk\u0131 kullan\u0131lamaz. <span><b>Firmam\u0131z b\u00fcnyesinde sat\u0131lan \u00fcr\u00fcnler ikinci el ve vintage \u00fcr\u00fcnlerdir ve \u00fcr\u00fcnlerimizin \u00f6zellikli durumlar\u0131 sebebiyle firmam\u0131z b\u00fcnyesinde sat\u0131\u015fa sunulan \u00fcr\u00fcnlerimize \u00f6zel ko\u015fullar ve \u00f6zeller kurallar uygulanmaktad\u0131r. \u00d6zellikleri ve kalite standartlar\u0131m\u0131z sebebiyle \u00f6zel stantlarda muhafaza etti\u011fimiz \u00fcr\u00fcnlerimizin kuma\u015f zarar\u0131, d\u00fc\u011fme-aksesuar eksikli\u011fi vb durumlar \u00fcr\u00fcn\u00fcn tekrar sat\u0131lmas\u0131na ve kullan\u0131m\u0131na engel olaca\u011f\u0131ndan \u00fcr\u00fcnlerimizde \u00fcr\u00fcn de\u011fi\u015fimi ve iade kabul edilmemektedir. <\/b><\/span><\/p>\n<p class=\"p1\">ALICI, cayma hakk\u0131na ili\u015fkin bilgilendirmenin Mesafeli S\u00f6zle\u015fmeler Y\u00f6netmeli\u011fi uyar\u0131nca gere\u011fi gibi yap\u0131ld\u0131\u011f\u0131n\u0131 kabul eder.<\/p>\n<p class=\"p4\"><b>MADDE-6. MALIN TESL\u0130M\u0130 VE TESL\u0130M \u015eEKL\u0130<\/b><\/p>\n<p class=\"p4\">S\u00f6zle\u015fme Al\u0131c\u0131 taraf\u0131ndan elektronik ortamda onaylanmakla y\u00fcr\u00fcrl\u00fc\u011fe girmi\u015f olup Al\u0131c\u0131&#8217;n\u0131n Sat\u0131c\u0131ndan sat\u0131n alm\u0131\u015f oldu\u011fu Mal\u0131n\/Hizmetin Al\u0131c\u0131&#8217;ya teslim edilmesiyle ifa edilmi\u015f olur. Mal\/Hizmet, Al\u0131c\u0131&#8217;n\u0131n sipari\u015f formunda ve i\u015fbu S\u00f6zle\u015fmede belirtmi\u015f oldu\u011fu adrese ve belirtilen yetkili ki\u015fi\/ki\u015filere teslim edilecektir.<\/p>\n<p class=\"p4\"><b>MADDE-7. ALICININ BEYAN VE TAAHH\u00dcTLER\u0130<\/b><\/p>\n<p class=\"p4\">Al\u0131c\u0131, Web sitesinde yer alan S\u00f6zle\u015fme konusu Mal\u0131n\/Hizmetin temel nitelikleri,\u00a0<span>sat\u0131\u015f<\/span>\u00a0fiyat\u0131 ve \u00f6deme \u015fekli ile teslimat ve kargo bedeline ili\u015fkin olarak Sat\u0131c\u0131 taraf\u0131ndan y\u00fcklenen \u00f6n bilgileri okuyup bilgi sahibi oldu\u011funu ve elektronik ortamda gerekli teyidi verdi\u011fini beyan eder. Al\u0131c\u0131lar, T\u00fcketici s\u0131fat\u0131yla talep ve \u015fik\u00e2yetlerini yukar\u0131da yer alan Sat\u0131c\u0131 ileti\u015fim bilgilerine ve\/veya Web sitesinin sa\u011flad\u0131\u011f\u0131 kanallarla ula\u015ft\u0131rabilirler. Al\u0131c\u0131, i\u015fbu S\u00f6zle\u015fmeyi ve \u00d6n Bilgilendirme Formunu elektronik ortamda teyit etmekle,\u00a0<span>mesafeli<\/span>\u00a0s\u00f6zle\u015fmelerin akdinden \u00f6nce Sat\u0131c\u0131 taraf\u0131ndan Al\u0131c\u0131ya verilmesi gereken adres, sipari\u015fi verilen Mal\/Hizmete ait temel \u00f6zellikler, Mal\/Hizmet \u2018in vergiler d\u00e2hil fiyat\u0131, \u00f6deme ve teslimat ile teslimat fiyat\u0131 bilgilerini de do\u011fru ve eksiksiz olarak edindi\u011fini teyit etmi\u015f olur. Al\u0131c\u0131&#8217;n\u0131n, S\u00f6zle\u015fme konusu Mal\/hizmeti teslim almadan \u00f6nce muayene etmeksizin; tahrip olmu\u015f, k\u0131r\u0131k, ambalaj\u0131 y\u0131rt\u0131lm\u0131\u015f vb. hasarl\u0131 ve ay\u0131pl\u0131 Mal\/Hizmeti kargo \u015firketinden teslim almas\u0131 halinde sorumluluk tamamen kendisine aittir. Al\u0131c\u0131 taraf\u0131ndan kargo \u015firketi g\u00f6revlisinden teslim al\u0131nan Mal\/Hizmet \u2018in hasars\u0131z ve sa\u011flam oldu\u011fu kabul edilecektir. Teslimden sonra Mal\/Hizmet \u2018in sorumlulu\u011fu ve hasarlar Al\u0131c\u0131&#8217;ya aittir. Mal\/Hizmet \u2018in tesliminden sonra Al\u0131c\u0131&#8217;ya ait kredi kart\u0131n\u0131n Al\u0131c\u0131&#8217;n\u0131n kusurundan kaynaklanmayan bir \u015fekilde yetkisiz ki\u015filerce haks\u0131z veya hukuka ayk\u0131r\u0131 olarak kullan\u0131lmas\u0131 nedeni ile ilgili banka veya finans kurulu\u015funun Mal\/Hizmet bedelini Sat\u0131c\u0131\u2019 ya \u00f6dememesi halinde, Al\u0131c\u0131 kendisine teslim edilmi\u015f olmas\u0131 kayd\u0131yla Mal\/Hikmet\u2019i 3 (\u00fc\u00e7) g\u00fcn i\u00e7inde Sat\u0131c\u0131 \u2018ya iade etmekle y\u00fck\u00fcml\u00fcd\u00fcr. Bu halde teslimat giderleri Al\u0131c\u0131&#8217;ya aittir.<\/p>\n<p class=\"p4\"><b>MADDE-8. SATICININ BEYAN VE TAAHH\u00dcTLER\u0130<\/b><\/p>\n<p class=\"p3\">Sat\u0131c\u0131, S\u00f6zle\u015fme konusu Mal\/Hizmet \u2018in T\u00fcketici Mevzuat\u0131na uygun olarak, sa\u011flam, eksiksiz, sipari\u015fte belirtilen niteliklere uygun ve varsa garanti belgeleri ve kullan\u0131m k\u0131lavuzlar\u0131 ile Al\u0131c\u0131&#8217;ya teslim edilmesinden sorumludur. Sat\u0131c\u0131, m\u00fccbir sebepler veya nakliyeyi engelleyen ola\u011fan\u00fcst\u00fc durumlar nedeni ile s\u00f6zle\u015fme konusu Mal\/Hizmeti s\u00fcresi i\u00e7inde teslim edemez ise, durumu \u00f6\u011frendi\u011fi tarihten itibaren 3 (\u00fc\u00e7) g\u00fcn i\u00e7inde Al\u0131c\u0131&#8217;ya bildirmekle y\u00fck\u00fcml\u00fcd\u00fcr. S\u00f6zle\u015fme konusu Mal\/Hizmet, Al\u0131c\u0131&#8217;dan ba\u015fka bir ki\u015fiye teslim edilecek ise, teslim edilecek ki\u015finin teslimat\u0131 kabul etmemesinden Sat\u0131c\u0131 sorumlu tutulamaz.<\/p>\n<p class=\"p1\">Bu takdirde ALICI sipari\u015finin iptal edilmesini, s\u00f6zle\u015fme konusu \u00fcr\u00fcn\u00fcn varsa emsali ile de\u011fi\u015ftirilmesini ve\/veya teslimat s\u00fcresinin engelleyici durumun ortadan kalkmas\u0131na kadar ertelenmesi haklar\u0131ndan birini kullanabilir. ALICI\u2019n\u0131n sipari\u015fi iptal etmesi halinde, SATICI; 14 g\u00fcn i\u00e7inde ALICI\u2019ya ait kredi kart\u0131 fi\u015finin iptali ve ilgili tutar\u0131n ALICI\u2019n\u0131n hesab\u0131na iade edilmesi konusunda ilgili banka nezdinde giri\u015fimde bulunur ve yap\u0131lan i\u015flem elektronik posta arac\u0131l\u0131\u011f\u0131 ile ALICI\u2019ya bildirilir. B\u00f6yle bir durumda ilgili bankadan kaynaklanan gecikmelerden dolay\u0131 Sat\u0131c\u0131 sorumlu tutulamaz.<\/p>\n<p class=\"p4\"><b>MADDE-9. TEMERR\u00dcD HAL\u0130 VE HUKUK\u0130 SONU\u00c7LARI<\/b><\/p>\n<p class=\"p3\">Al\u0131c\u0131&#8217;n\u0131n, kredi kart\u0131 ile yapm\u0131\u015f oldu\u011fu i\u015flemlerde temerr\u00fcde d\u00fc\u015fmesi halinde kart sahibi bankan\u0131n kendisi ile yapm\u0131\u015f oldu\u011fu kredi kart\u0131\u00a0<span>s\u00f6zle\u015fmesi<\/span>\u00a0\u00e7er\u00e7evesinde faiz \u00f6deyecek ve bankaya kar\u015f\u0131 sorumlu olacakt\u0131r. Bu durumda ilgili banka hukuki yollara ba\u015fvurabilir; do\u011facak masraflar\u0131 ve vek\u00e2let \u00fccretini Al\u0131c\u0131&#8217;dan talep edebilir ve her ko\u015fulda Al\u0131c\u0131&#8217;n\u0131n borcundan dolay\u0131 temerr\u00fcde d\u00fc\u015fmesi halinde, Al\u0131c\u0131&#8217;n\u0131n borcu gecikmeli ifas\u0131ndan dolay\u0131 sat\u0131c\u0131n\u0131n u\u011frad\u0131\u011f\u0131 zarar ve ziyandan Al\u0131c\u0131 sorumlu olacakt\u0131r.<\/p>\n<p class=\"p1\"><b>MADDE-10. K\u0130\u015e\u0130SEL VER\u0130LER<br \/>\n<\/b><\/p>\n<p class=\"p1\">ALICI, web sitesine girilen ki\u015fisel verilerin, bunlar\u0131n i\u015flendikleri ama\u00e7la ba\u011flant\u0131l\u0131, s\u0131n\u0131rl\u0131 ve \u00f6l\u00e7\u00fcl\u00fc olarak, SATICI taraf\u0131ndan i\u015flenmesine a\u00e7\u0131k r\u0131zan\u0131z\u0131n bulundu\u011funu kabul eder.<\/p>\n<p class=\"p1\"><b>MADDE\u2013 11. YETK\u0130L\u0130 MAHKEME<\/b><\/p>\n<p class=\"p1\">\n\u0130\u015f bu s\u00f6zle\u015fmenin uygulanmas\u0131nda, Sanayi ve Ticaret Bakanl\u0131\u011f\u0131\u2019nca ilan edilen de\u011fere kadar T\u00fcketici Hakem Heyetleri ile ALICI&#8217; n\u0131n veya SATICI&#8217;n\u0131n yerle\u015fim yerindeki \u0130STANBULT\u00dcKET\u0130C\u0130 MAHKEMELERI yetkilidir. Sipari\u015fin elektronik ortamda onaylanmas\u0131 durumunda, Al\u0131c\u0131 i\u015f bu s\u00f6zle\u015fmenin t\u00fcm h\u00fck\u00fcmlerini kabul etmi\u015f say\u0131l\u0131r.<\/p>\n","protected":false},"excerpt":{"rendered":"<p>Sipari\u015f Bilgisi Sipari\u015f \u0130\u00e7eri\u011fi ve Toplam\u0131 : [sepet-tutar] Sipari\u015f Tarihi :\u00a0[tarih] Kullan\u0131c\u0131 Bilgileri Kullan\u0131c\u0131 Ad\u0131 :\u00a0[kullanici-adi] T.C Kimlik No :\u00a0[tc-no] Telefon Numaras\u0131 :\u00a0[telefon-no] E-posta Adresi :\u00a0[e-posta-adresi] Fatura Bilgileri Faturadaki \u0130sim :\u00a0[fatura-kullanici-adi] Fatura Firma \u0130smi :\u00a0[fatura-firma-adi] Fatura Adresi :\u00a0[fatura-adresi] Kargo Bilgileri Kargo Teslim Alacak Ki\u015fi :\u00a0[kargo-kullanici-adi] Kargo Firma \u0130smi :\u00a0[kargo-firma-adi] Kargo Adresi :\u00a0[kargo-adresi] &nbsp; \u0130\u015f Bu [&hellip;]<\/p>\n","protected":false},"author":1,"featured_media":0,"parent":0,"menu_order":25,"comment_status":"closed","ping_status":"closed","template":"","meta":{"footnotes":""},"class_list":["post-272","page","type-page","status-publish","hentry"],"acf":[],"_links":{"self":[{"href":"https:\/\/liliandjune.com\/en\/wp-json\/wp\/v2\/pages\/272","targetHints":{"allow":["GET"]}}],"collection":[{"href":"https:\/\/liliandjune.com\/en\/wp-json\/wp\/v2\/pages"}],"about":[{"href":"https:\/\/liliandjune.com\/en\/wp-json\/wp\/v2\/types\/page"}],"author":[{"embeddable":true,"href":"https:\/\/liliandjune.com\/en\/wp-json\/wp\/v2\/users\/1"}],"replies":[{"embeddable":true,"href":"https:\/\/liliandjune.com\/en\/wp-json\/wp\/v2\/comments?post=272"}],"version-history":[{"count":0,"href":"https:\/\/liliandjune.com\/en\/wp-json\/wp\/v2\/pages\/272\/revisions"}],"wp:attachment":[{"href":"https:\/\/liliandjune.com\/en\/wp-json\/wp\/v2\/media?parent=272"}],"curies":[{"name":"wp","href":"https:\/\/api.w.org\/{rel}","templated":true}]}}